{"id":8,"date":"2018-04-17T15:14:16","date_gmt":"2018-04-17T15:14:16","guid":{"rendered":"http:\/\/www.utn.edu.ec\/nacional\/?page_id=8"},"modified":"2020-08-27T19:30:31","modified_gmt":"2020-08-27T19:30:31","slug":"cooperacion-y-convenios","status":"publish","type":"page","link":"https:\/\/nacional.utn.edu.ec\/index.php\/cooperacion-y-convenios\/","title":{"rendered":"Cooperaci\u00f3n y Convenios"},"content":{"rendered":"<p><img decoding=\"async\" loading=\"lazy\" class=\"alignnone wp-image-161 \" src=\"https:\/\/www.utn.edu.ec\/nacional\/wp-content\/uploads\/2020\/08\/FOTO-5.-GAD-ANTONIO-ANTE-300x225.jpg\" alt=\"\" width=\"587\" height=\"440\" srcset=\"https:\/\/nacional.utn.edu.ec\/wp-content\/uploads\/2020\/08\/FOTO-5.-GAD-ANTONIO-ANTE-300x225.jpg 300w, https:\/\/nacional.utn.edu.ec\/wp-content\/uploads\/2020\/08\/FOTO-5.-GAD-ANTONIO-ANTE-768x576.jpg 768w, https:\/\/nacional.utn.edu.ec\/wp-content\/uploads\/2020\/08\/FOTO-5.-GAD-ANTONIO-ANTE-1024x768.jpg 1024w, https:\/\/nacional.utn.edu.ec\/wp-content\/uploads\/2020\/08\/FOTO-5.-GAD-ANTONIO-ANTE.jpg 1280w\" sizes=\"(max-width: 587px) 100vw, 587px\" \/><\/p>\n<hr \/>\n<p>Cooperaci\u00f3n<\/p>\n<p>La Oficina de Relaciones Nacionales fomenta la participaci\u00f3n institucional en los diferentes programas, proyectos y actividades acad\u00e9micas auspiciadas por las entidades nacionales cooperantes de educaci\u00f3n superior, gubernamentales y no gubernamentales, con el objeto de fortalecer las alianzas y v\u00ednculos de cooperaci\u00f3n y trabajo en redes.<\/p>\n<p>Convenios<\/p>\n<p>La Oficina de Relaciones Nacionales contribuye al crecimiento de los v\u00ednculos nacionales de la Universidad T\u00e9cnica del Norte por proveer orientaci\u00f3n en las siguientes \u00e1reas: apoyo en el desarrollo de propuestas de convenios, revisi\u00f3n de las mismas, entrega para evaluaci\u00f3n legal, gesti\u00f3n de firmas y seguimiento de convenios existentes.<\/p>\n","protected":false},"excerpt":{"rendered":"<p>Cooperaci\u00f3n La Oficina de Relaciones Nacionales fomenta la participaci\u00f3n institucional en los diferentes programas, proyectos y actividades acad\u00e9micas auspiciadas por las entidades nacionales cooperantes de educaci\u00f3n superior, gubernamentales y no gubernamentales, con<a class=\"moretag\" href=\"https:\/\/nacional.utn.edu.ec\/index.php\/cooperacion-y-convenios\/\">Leer m\u00e1s&#8230;<\/a><\/p>\n","protected":false},"author":1,"featured_media":0,"parent":0,"menu_order":0,"comment_status":"closed","ping_status":"closed","template":"","meta":[],"_links":{"self":[{"href":"https:\/\/nacional.utn.edu.ec\/index.php\/wp-json\/wp\/v2\/pages\/8"}],"collection":[{"href":"https:\/\/nacional.utn.edu.ec\/index.php\/wp-json\/wp\/v2\/pages"}],"about":[{"href":"https:\/\/nacional.utn.edu.ec\/index.php\/wp-json\/wp\/v2\/types\/page"}],"author":[{"embeddable":true,"href":"https:\/\/nacional.utn.edu.ec\/index.php\/wp-json\/wp\/v2\/users\/1"}],"replies":[{"embeddable":true,"href":"https:\/\/nacional.utn.edu.ec\/index.php\/wp-json\/wp\/v2\/comments?post=8"}],"version-history":[{"count":5,"href":"https:\/\/nacional.utn.edu.ec\/index.php\/wp-json\/wp\/v2\/pages\/8\/revisions"}],"predecessor-version":[{"id":162,"href":"https:\/\/nacional.utn.edu.ec\/index.php\/wp-json\/wp\/v2\/pages\/8\/revisions\/162"}],"wp:attachment":[{"href":"https:\/\/nacional.utn.edu.ec\/index.php\/wp-json\/wp\/v2\/media?parent=8"}],"curies":[{"name":"wp","href":"https:\/\/api.w.org\/{rel}","templated":true}]}}