{"id":56,"date":"2018-04-17T16:04:42","date_gmt":"2018-04-17T16:04:42","guid":{"rendered":"http:\/\/www.utn.edu.ec\/nacional\/?page_id=56"},"modified":"2018-04-18T16:00:40","modified_gmt":"2018-04-18T16:00:40","slug":"preguntas-frecuentes","status":"publish","type":"page","link":"https:\/\/nacional.utn.edu.ec\/index.php\/preguntas-frecuentes\/","title":{"rendered":"Preguntas Frecuentes"},"content":{"rendered":"<p><strong>1)\u00a0<em>\u00bfPor qu\u00e9 firmar un convenio con la UTN?<\/em><\/strong><\/p>\n<p>El convenio es el documento de soporte para la realizaci\u00f3n de actividades conjuntas dentro de un marco legal, encaminadas al cumplimiento de los objetivos de ambas instituciones. La finalidad es contribuir al desarrollo de la universidad y la comunidad mutuamente a trav\u00e9s de la vinculaci\u00f3n con la sociedad, pr\u00e1cticas pre-profesionales y pasant\u00edas, capacitaciones, difusi\u00f3n, proyectos de grado e incentivo a investigaciones, entre otros.<\/p>\n<p><strong>2)\u00a0<em>\u00bfQui\u00e9n puede proponer un convenio con la UTN?<\/em><\/strong><\/p>\n<p>El representante legal de una empresa, organizaci\u00f3n o instituci\u00f3n externa puede solicitar la firma de un convenio, y lo asignaremos a una unidad de acuerdo a la disponibilidad del talento humano de la UTN y las necesidades especificadas. Dentro de la Universidad, la propuesta de convenio debe dirigirse al Decano o Director Departamental, quien solicitar\u00e1 la autorizaci\u00f3n por escrito al Rector.<\/p>\n<p><strong>4)\u00a0<em>\u00bfC\u00f3mo proponer un convenio con la UTN?<\/em><\/strong><\/p>\n<p>Un proyecto por realizar a nivel local, regional o del Pa\u00eds, se deber\u00e1 poner en contacto con la entidad de cooperaci\u00f3n para elaborar un borrador de convenio. Utilice uno de los formatos preestablecidos [link a formatos] o contacte a la Oficina de Relaciones Nacionales por un ejemplar. El borrador debe entregarse junto al oficio dirigido al Rector, solicitando la autorizaci\u00f3n del convenio.<\/p>\n<p><strong>5)\u00a0<em>\u00bfC\u00f3mo realizar un informe semestral de convenio?<\/em><\/strong><\/p>\n<p>Siguiendo el enlace a la\u00a0<u>Evaluaci\u00f3n de Convenios Nacionales<\/u>\u00a0le llevar\u00e1 al buscador de convenios institucionales nacionales. Se puede buscar un convenio por palabra clave (i.e.\u00a0<em>mec\u00e1nica<\/em>,\u00a0<em>recursos h\u00eddricos<\/em>, etc.), por tipo, instituci\u00f3n o dependencia. Busque el convenio que desee evaluar y seleccione \u201cingresar informe.\u201d Ingrese su usuario UTN y clave para acceder a la herramienta para realizar su informe en l\u00ednea. Navegar los seis pasos del informe (Periodo Informe; Informe Convenio; Compromisos Espec\u00edficos; Beneficiarios; Evidencias y Limitaciones) poniendo clic en \u201csiguiente\u201d y guardando los cambios mientras avanza. Cuando desee finalizar su informe, seleccione \u201cfinalizar\u201d. Se puede acceder el archivo en formato PDF por seleccionar \u201cimprimir\u201d al finalizar el informe.<\/p>\n","protected":false},"excerpt":{"rendered":"<p>1)\u00a0\u00bfPor qu\u00e9 firmar un convenio con la UTN? El convenio es el documento de soporte para la realizaci\u00f3n de actividades conjuntas dentro de un marco legal, encaminadas al cumplimiento de los objetivos<a class=\"moretag\" href=\"https:\/\/nacional.utn.edu.ec\/index.php\/preguntas-frecuentes\/\">Leer m\u00e1s&#8230;<\/a><\/p>\n","protected":false},"author":1,"featured_media":0,"parent":0,"menu_order":0,"comment_status":"closed","ping_status":"closed","template":"","meta":[],"_links":{"self":[{"href":"https:\/\/nacional.utn.edu.ec\/index.php\/wp-json\/wp\/v2\/pages\/56"}],"collection":[{"href":"https:\/\/nacional.utn.edu.ec\/index.php\/wp-json\/wp\/v2\/pages"}],"about":[{"href":"https:\/\/nacional.utn.edu.ec\/index.php\/wp-json\/wp\/v2\/types\/page"}],"author":[{"embeddable":true,"href":"https:\/\/nacional.utn.edu.ec\/index.php\/wp-json\/wp\/v2\/users\/1"}],"replies":[{"embeddable":true,"href":"https:\/\/nacional.utn.edu.ec\/index.php\/wp-json\/wp\/v2\/comments?post=56"}],"version-history":[{"count":2,"href":"https:\/\/nacional.utn.edu.ec\/index.php\/wp-json\/wp\/v2\/pages\/56\/revisions"}],"predecessor-version":[{"id":68,"href":"https:\/\/nacional.utn.edu.ec\/index.php\/wp-json\/wp\/v2\/pages\/56\/revisions\/68"}],"wp:attachment":[{"href":"https:\/\/nacional.utn.edu.ec\/index.php\/wp-json\/wp\/v2\/media?parent=56"}],"curies":[{"name":"wp","href":"https:\/\/api.w.org\/{rel}","templated":true}]}}