{"id":50,"date":"2018-04-17T16:04:02","date_gmt":"2018-04-17T16:04:02","guid":{"rendered":"http:\/\/www.utn.edu.ec\/nacional\/?page_id=50"},"modified":"2018-05-24T19:22:20","modified_gmt":"2018-05-24T19:22:20","slug":"mision-y-vision","status":"publish","type":"page","link":"https:\/\/nacional.utn.edu.ec\/index.php\/mision-y-vision\/","title":{"rendered":"Misi\u00f3n y Visi\u00f3n"},"content":{"rendered":"<hr \/>\n<p style=\"text-align: justify;\"><strong>Misi\u00f3n<\/strong><\/p>\n<p style=\"text-align: justify;\">La Oficina de Relaciones Nacionales es una coordinaci\u00f3n institucional que fomenta el desempe\u00f1o de iniciativas, acuerdos y proyectos con la comunidad, con el objetivo de apoyar al crecimiento de los v\u00ednculos nacionales de la Universidad T\u00e9cnica del Norte.<\/p>\n<p style=\"text-align: justify;\"><strong>Visi\u00f3n<\/strong><\/p>\n<p style=\"text-align: justify;\">En el a\u00f1o 2025, La Oficina de Relaciones Nacionales ser\u00e1 el nexo directo entre la Universidad T\u00e9cnica del Norte y sus entidades nacionales cooperantes, contribuyendo al fortalecimiento de su trabajo acad\u00e9mico, investigativo y de vinculaci\u00f3n con la colectividad.<\/p>\n","protected":false},"excerpt":{"rendered":"<p>Misi\u00f3n La Oficina de Relaciones Nacionales es una coordinaci\u00f3n institucional que fomenta el desempe\u00f1o de iniciativas, acuerdos y proyectos con la comunidad, con el objetivo de apoyar al crecimiento de los v\u00ednculos<a class=\"moretag\" href=\"https:\/\/nacional.utn.edu.ec\/index.php\/mision-y-vision\/\">Leer m\u00e1s&#8230;<\/a><\/p>\n","protected":false},"author":1,"featured_media":0,"parent":0,"menu_order":0,"comment_status":"closed","ping_status":"closed","template":"","meta":[],"_links":{"self":[{"href":"https:\/\/nacional.utn.edu.ec\/index.php\/wp-json\/wp\/v2\/pages\/50"}],"collection":[{"href":"https:\/\/nacional.utn.edu.ec\/index.php\/wp-json\/wp\/v2\/pages"}],"about":[{"href":"https:\/\/nacional.utn.edu.ec\/index.php\/wp-json\/wp\/v2\/types\/page"}],"author":[{"embeddable":true,"href":"https:\/\/nacional.utn.edu.ec\/index.php\/wp-json\/wp\/v2\/users\/1"}],"replies":[{"embeddable":true,"href":"https:\/\/nacional.utn.edu.ec\/index.php\/wp-json\/wp\/v2\/comments?post=50"}],"version-history":[{"count":3,"href":"https:\/\/nacional.utn.edu.ec\/index.php\/wp-json\/wp\/v2\/pages\/50\/revisions"}],"predecessor-version":[{"id":118,"href":"https:\/\/nacional.utn.edu.ec\/index.php\/wp-json\/wp\/v2\/pages\/50\/revisions\/118"}],"wp:attachment":[{"href":"https:\/\/nacional.utn.edu.ec\/index.php\/wp-json\/wp\/v2\/media?parent=50"}],"curies":[{"name":"wp","href":"https:\/\/api.w.org\/{rel}","templated":true}]}}