{"id":48,"date":"2018-04-17T16:03:43","date_gmt":"2018-04-17T16:03:43","guid":{"rendered":"http:\/\/www.utn.edu.ec\/nacional\/?page_id=48"},"modified":"2020-08-27T18:47:19","modified_gmt":"2020-08-27T18:47:19","slug":"quienes-somos","status":"publish","type":"page","link":"https:\/\/nacional.utn.edu.ec\/index.php\/quienes-somos\/","title":{"rendered":"Quienes somos"},"content":{"rendered":"<hr \/>\n<p style=\"text-align: justify;\"><img decoding=\"async\" loading=\"lazy\" class=\"wp-image-147  aligncenter\" src=\"https:\/\/www.utn.edu.ec\/nacional\/wp-content\/uploads\/2020\/08\/FOTO-7.-FEDELIGAS-300x225.jpg\" alt=\"\" width=\"572\" height=\"429\" srcset=\"https:\/\/nacional.utn.edu.ec\/wp-content\/uploads\/2020\/08\/FOTO-7.-FEDELIGAS-300x225.jpg 300w, https:\/\/nacional.utn.edu.ec\/wp-content\/uploads\/2020\/08\/FOTO-7.-FEDELIGAS-768x576.jpg 768w, https:\/\/nacional.utn.edu.ec\/wp-content\/uploads\/2020\/08\/FOTO-7.-FEDELIGAS-1024x768.jpg 1024w, https:\/\/nacional.utn.edu.ec\/wp-content\/uploads\/2020\/08\/FOTO-7.-FEDELIGAS.jpg 1298w\" sizes=\"(max-width: 572px) 100vw, 572px\" \/><\/p>\n<p>La Oficina de Relaciones Nacionales es una unidad administrativa adscrita a la Direcci\u00f3n de Vinculaci\u00f3n con la Colectividad, encargada de generar el enlace entre la Universidad T\u00e9cnica del Norte y la comunidad externa. Ofrece apoyo en la gesti\u00f3n, firma y seguimiento de los convenios nacionales. Contribuye en el desarrollo local y nacional para agilitar los procesos log\u00edsticos y facilitar los marcos legales para el mejor aprovechamiento de las actividades acad\u00e9micas, investigativas y de vinculaci\u00f3n con la sociedad que efect\u00faan los estudiantes y profesionales de la UTN.<\/p>\n","protected":false},"excerpt":{"rendered":"<p>La Oficina de Relaciones Nacionales es una unidad administrativa adscrita a la Direcci\u00f3n de Vinculaci\u00f3n con la Colectividad, encargada de generar el enlace entre la Universidad T\u00e9cnica del Norte y la comunidad<a class=\"moretag\" href=\"https:\/\/nacional.utn.edu.ec\/index.php\/quienes-somos\/\">Leer m\u00e1s&#8230;<\/a><\/p>\n","protected":false},"author":1,"featured_media":0,"parent":0,"menu_order":0,"comment_status":"closed","ping_status":"closed","template":"","meta":[],"_links":{"self":[{"href":"https:\/\/nacional.utn.edu.ec\/index.php\/wp-json\/wp\/v2\/pages\/48"}],"collection":[{"href":"https:\/\/nacional.utn.edu.ec\/index.php\/wp-json\/wp\/v2\/pages"}],"about":[{"href":"https:\/\/nacional.utn.edu.ec\/index.php\/wp-json\/wp\/v2\/types\/page"}],"author":[{"embeddable":true,"href":"https:\/\/nacional.utn.edu.ec\/index.php\/wp-json\/wp\/v2\/users\/1"}],"replies":[{"embeddable":true,"href":"https:\/\/nacional.utn.edu.ec\/index.php\/wp-json\/wp\/v2\/comments?post=48"}],"version-history":[{"count":7,"href":"https:\/\/nacional.utn.edu.ec\/index.php\/wp-json\/wp\/v2\/pages\/48\/revisions"}],"predecessor-version":[{"id":149,"href":"https:\/\/nacional.utn.edu.ec\/index.php\/wp-json\/wp\/v2\/pages\/48\/revisions\/149"}],"wp:attachment":[{"href":"https:\/\/nacional.utn.edu.ec\/index.php\/wp-json\/wp\/v2\/media?parent=48"}],"curies":[{"name":"wp","href":"https:\/\/api.w.org\/{rel}","templated":true}]}}