{"id":4,"date":"2018-04-17T15:13:50","date_gmt":"2018-04-17T15:13:50","guid":{"rendered":"http:\/\/www.utn.edu.ec\/nacional\/?page_id=4"},"modified":"2020-08-27T19:11:21","modified_gmt":"2020-08-27T19:11:21","slug":"informacion","status":"publish","type":"page","link":"https:\/\/nacional.utn.edu.ec\/index.php\/informacion\/","title":{"rendered":"Informaci\u00f3n"},"content":{"rendered":"<p><img decoding=\"async\" loading=\"lazy\" class=\"alignnone wp-image-152 \" src=\"https:\/\/www.utn.edu.ec\/nacional\/wp-content\/uploads\/2020\/08\/FOTO-9.-CONSEJO-DE-EDUCACI\u00d3N-SUPERIOR-CES-300x200.jpg\" alt=\"\" width=\"593\" height=\"395\" \/><\/p>\n<hr \/>\n<p>La Universidad T\u00e9cnica del Norte, a trav\u00e9s de su misi\u00f3n y visi\u00f3n, ratifica el compromiso de contribuir en el desarrollo nacional, a trav\u00e9s de la formaci\u00f3n de profesionales de excelencia, \u00e9ticos, cr\u00edticos, humanistas, l\u00edderes y emprendedores, con responsabilidad social: genera, fomenta y ejecuta procesos de investigaci\u00f3n, de transferencia de saberes, de conocimientos cient\u00edficos, tecnol\u00f3gicos y de innovaci\u00f3n; y se vincula con la comunidad.<\/p>\n<p>Como parte de la Direcci\u00f3n de Vinculaci\u00f3n con la Colectividad, la Oficina de Relaciones Nacionales contribuye a una de las cuatro funciones esenciales que cumple la Universidad T\u00e9cnica del Norte, generando nexos entre la universidad y la comunidad, con el objetivo de aportar en el desarrollo de la Zona 1 y el Pa\u00eds.<\/p>\n","protected":false},"excerpt":{"rendered":"<p>La Universidad T\u00e9cnica del Norte, a trav\u00e9s de su misi\u00f3n y visi\u00f3n, ratifica el compromiso de contribuir en el desarrollo nacional, a trav\u00e9s de la formaci\u00f3n de profesionales de excelencia, \u00e9ticos, cr\u00edticos,<a class=\"moretag\" href=\"https:\/\/nacional.utn.edu.ec\/index.php\/informacion\/\">Leer m\u00e1s&#8230;<\/a><\/p>\n","protected":false},"author":1,"featured_media":0,"parent":0,"menu_order":0,"comment_status":"closed","ping_status":"closed","template":"","meta":[],"_links":{"self":[{"href":"https:\/\/nacional.utn.edu.ec\/index.php\/wp-json\/wp\/v2\/pages\/4"}],"collection":[{"href":"https:\/\/nacional.utn.edu.ec\/index.php\/wp-json\/wp\/v2\/pages"}],"about":[{"href":"https:\/\/nacional.utn.edu.ec\/index.php\/wp-json\/wp\/v2\/types\/page"}],"author":[{"embeddable":true,"href":"https:\/\/nacional.utn.edu.ec\/index.php\/wp-json\/wp\/v2\/users\/1"}],"replies":[{"embeddable":true,"href":"https:\/\/nacional.utn.edu.ec\/index.php\/wp-json\/wp\/v2\/comments?post=4"}],"version-history":[{"count":5,"href":"https:\/\/nacional.utn.edu.ec\/index.php\/wp-json\/wp\/v2\/pages\/4\/revisions"}],"predecessor-version":[{"id":154,"href":"https:\/\/nacional.utn.edu.ec\/index.php\/wp-json\/wp\/v2\/pages\/4\/revisions\/154"}],"wp:attachment":[{"href":"https:\/\/nacional.utn.edu.ec\/index.php\/wp-json\/wp\/v2\/media?parent=4"}],"curies":[{"name":"wp","href":"https:\/\/api.w.org\/{rel}","templated":true}]}}